{"id":2493,"date":"2014-12-15T17:21:10","date_gmt":"2014-12-15T16:21:10","guid":{"rendered":"http:\/\/garciaorea.beeonclick.es\/about\/paisajes\/"},"modified":"2019-05-31T15:32:51","modified_gmt":"2019-05-31T14:32:51","slug":"landscapes","status":"publish","type":"page","link":"https:\/\/www.mariagarciaorea.com\/en\/landscapes\/","title":{"rendered":"Landscapes of Maria Garc\u00eda-Orea"},"content":{"rendered":"[vc_row type=&#8221;in_container&#8221; full_screen_row_position=&#8221;middle&#8221; scene_position=&#8221;center&#8221; text_color=&#8221;dark&#8221; text_align=&#8221;left&#8221; overlay_strength=&#8221;0.3&#8243; shape_divider_position=&#8221;bottom&#8221; bg_image_animation=&#8221;none&#8221;][vc_column column_padding=&#8221;no-extra-padding&#8221; column_padding_position=&#8221;all&#8221; background_color_opacity=&#8221;1&#8243; background_hover_color_opacity=&#8221;1&#8243; column_link_target=&#8221;_self&#8221; column_shadow=&#8221;none&#8221; column_border_radius=&#8221;none&#8221; width=&#8221;1\/2&#8243; tablet_width_inherit=&#8221;default&#8221; tablet_text_alignment=&#8221;default&#8221; phone_text_alignment=&#8221;default&#8221; column_border_width=&#8221;none&#8221; column_border_style=&#8221;solid&#8221; bg_image_animation=&#8221;none&#8221;][image_with_animation image_url=&#8221;4430&#8243; alignment=&#8221;&#8221; animation=&#8221;Fade In&#8221; border_radius=&#8221;none&#8221; box_shadow=&#8221;none&#8221; max_width=&#8221;100%&#8221;][vc_column_text]\n<blockquote>\n<p>Maria Garcia-Orea\u2019s last paintings are depicted within Mallorca and Venice, and slightly between Monet and Mir. Since the late 80\u2019s, Maria has avidly chased her own insights and visions. Her painting work arises from her natural observation. While she is into painting, she wakes up early, breaths in some fresh air\u2026 She expresses herself being loyal and fair to her own retine image sensations. Very reasonable beginnings and a visionary drift at the end are to be inferred from her paintings.<\/p>\n<\/blockquote>\n[\/vc_column_text][\/vc_column][vc_column column_padding=&#8221;no-extra-padding&#8221; column_padding_position=&#8221;all&#8221; background_color_opacity=&#8221;1&#8243; background_hover_color_opacity=&#8221;1&#8243; column_link_target=&#8221;_self&#8221; column_shadow=&#8221;none&#8221; column_border_radius=&#8221;none&#8221; width=&#8221;1\/2&#8243; tablet_width_inherit=&#8221;default&#8221; tablet_text_alignment=&#8221;default&#8221; phone_text_alignment=&#8221;default&#8221; column_border_width=&#8221;none&#8221; column_border_style=&#8221;solid&#8221; bg_image_animation=&#8221;none&#8221;][vc_custom_heading text=&#8221;Landscapes of Mar\u00eda Garc\u00eda-Orea&#8221;][divider line_type=&#8221;No Line&#8221;][vc_column_text c_id=&#8221;.vc_1419864809979&#8243;]By Guillermo Solana<br \/>\n<strong><em>Director of the Thyssen-Bornemisza Museum in Madrid<\/em><\/strong><\/p>\n<p>Maria Garcia-Orea\u2019s last paintings are depicted within Mallorca and Venice, and slightly between Monet and Mir. Since the late 80\u2019s, Maria has avidly chased her own insights and visions. Her painting work arises from her natural observation. While she is into painting, she wakes up early, breaths in some fresh air\u2026 She expresses herself being loyal and fair to her own retine image sensations. Very reasonable beginnings and a visionary drift at the end are to be inferred from her paintings.<\/p>\n<p>When Maria starts painting a Mallorca cove, the blue of the sky and sea expands and keeps on growing till this bright and sparkling blue floods everything. Maria might paint a Gran Canal view with its Gothic palaces and the uprights emerge from the sea water leaving Le Salute at the back. A perfect familiar view. While she paints this sight, the Sun reflects the gran Canal and tinges the water lifting up the bright yellow color. It spreads out as fire sparkles and the Canal becomes a flaming river poisoninig the retine and the brain cells. In other cases, it may be the light effects on the water gardens, those white and yelowish falling rain drops dancing for us that cast a landscape as something magic and unreal. I think there is no painter as honest as her, she is not an artificial artist.<\/p>\n<p>Her starting point at painting is very simple trying to catch the light flash, the cloud flight, the breeze shaking leaves\u2026 The painter endevours to focus on those runaway impressions being swallowed by them, so that what we call reality is devastated, everyday routine, and from within that ragged reality, a superior one is released. A poetic and astonishing reality.<\/p>\n[\/vc_column_text][\/vc_column][\/vc_row][vc_row type=&#8221;in_container&#8221; full_screen_row_position=&#8221;middle&#8221; scene_position=&#8221;center&#8221; text_color=&#8221;dark&#8221; text_align=&#8221;left&#8221; overlay_strength=&#8221;0.3&#8243; shape_divider_position=&#8221;bottom&#8221; bg_image_animation=&#8221;none&#8221;][vc_column column_padding=&#8221;no-extra-padding&#8221; column_padding_position=&#8221;all&#8221; background_color_opacity=&#8221;1&#8243; background_hover_color_opacity=&#8221;1&#8243; column_link_target=&#8221;_self&#8221; column_shadow=&#8221;none&#8221; column_border_radius=&#8221;none&#8221; width=&#8221;1\/1&#8243; tablet_width_inherit=&#8221;default&#8221; tablet_text_alignment=&#8221;default&#8221; phone_text_alignment=&#8221;default&#8221; column_border_width=&#8221;none&#8221; column_border_style=&#8221;solid&#8221; bg_image_animation=&#8221;none&#8221;][vc_column_text]\n<p>&nbsp;<\/p>\n<p>&nbsp;[\/vc_column_text][\/vc_column][\/vc_row]\n","protected":false},"excerpt":{"rendered":"<p>[vc_row type=&#8221;in_container&#8221; full_screen_row_position=&#8221;middle&#8221; scene_position=&#8221;center&#8221; text_color=&#8221;dark&#8221; text_align=&#8221;left&#8221; overlay_strength=&#8221;0.3&#8243; shape_divider_position=&#8221;bottom&#8221; bg_image_animation=&#8221;none&#8221;][vc_column column_padding=&#8221;no-extra-padding&#8221; column_padding_position=&#8221;all&#8221; background_color_opacity=&#8221;1&#8243; background_hover_color_opacity=&#8221;1&#8243; column_link_target=&#8221;_self&#8221; column_shadow=&#8221;none&#8221; column_border_radius=&#8221;none&#8221; width=&#8221;1\/2&#8243; tablet_width_inherit=&#8221;default&#8221; tablet_text_alignment=&#8221;default&#8221; phone_text_alignment=&#8221;default&#8221; column_border_width=&#8221;none&#8221; column_border_style=&#8221;solid&#8221; bg_image_animation=&#8221;none&#8221;][image_with_animation image_url=&#8221;4430&#8243; alignment=&#8221;&#8221; animation=&#8221;Fade In&#8221; border_radius=&#8221;none&#8221; box_shadow=&#8221;none&#8221; max_width=&#8221;100%&#8221;][vc_column_text]&#8230;<\/p>\n","protected":false},"author":2,"featured_media":0,"parent":0,"menu_order":0,"comment_status":"closed","ping_status":"closed","template":"","meta":[],"yoast_head":"<!-- This site is optimized with the Yoast SEO plugin v15.7 - https:\/\/yoast.com\/wordpress\/plugins\/seo\/ -->\n<title>Landscapes of Maria Garc\u00eda-Orea | Mar\u00eda Garc\u00eda-Orea<\/title>\n<meta name=\"robots\" content=\"index, follow, max-snippet:-1, max-image-preview:large, max-video-preview:-1\" \/>\n<link rel=\"canonical\" href=\"https:\/\/www.mariagarciaorea.com\/en\/landscapes\/\" \/>\n<meta property=\"og:locale\" content=\"en_US\" \/>\n<meta property=\"og:type\" content=\"article\" \/>\n<meta property=\"og:title\" content=\"Landscapes of Maria Garc\u00eda-Orea | Mar\u00eda Garc\u00eda-Orea\" \/>\n<meta property=\"og:description\" content=\"[vc_row type=&#8221;in_container&#8221; full_screen_row_position=&#8221;middle&#8221; scene_position=&#8221;center&#8221; text_color=&#8221;dark&#8221; text_align=&#8221;left&#8221; overlay_strength=&#8221;0.3&#8243; shape_divider_position=&#8221;bottom&#8221; bg_image_animation=&#8221;none&#8221;][vc_column column_padding=&#8221;no-extra-padding&#8221; column_padding_position=&#8221;all&#8221; background_color_opacity=&#8221;1&#8243; background_hover_color_opacity=&#8221;1&#8243; column_link_target=&#8221;_self&#8221; column_shadow=&#8221;none&#8221; column_border_radius=&#8221;none&#8221; width=&#8221;1\/2&#8243; tablet_width_inherit=&#8221;default&#8221; tablet_text_alignment=&#8221;default&#8221; phone_text_alignment=&#8221;default&#8221; column_border_width=&#8221;none&#8221; column_border_style=&#8221;solid&#8221; bg_image_animation=&#8221;none&#8221;][image_with_animation image_url=&#8221;4430&#8243; alignment=&#8221;&#8221; animation=&#8221;Fade In&#8221; border_radius=&#8221;none&#8221; box_shadow=&#8221;none&#8221; max_width=&#8221;100%&#8221;][vc_column_text]...\" \/>\n<meta property=\"og:url\" content=\"https:\/\/www.mariagarciaorea.com\/en\/landscapes\/\" \/>\n<meta property=\"og:site_name\" content=\"Mar\u00eda Garc\u00eda-Orea\" \/>\n<meta property=\"article:modified_time\" content=\"2019-05-31T14:32:51+00:00\" \/>\n<meta name=\"twitter:card\" content=\"summary_large_image\" \/>\n<meta name=\"twitter:label1\" content=\"Est. reading time\">\n\t<meta name=\"twitter:data1\" content=\"3 minutes\">\n<script type=\"application\/ld+json\" class=\"yoast-schema-graph\">{\"@context\":\"https:\/\/schema.org\",\"@graph\":[{\"@type\":[\"Person\",\"Organization\"],\"@id\":\"https:\/\/www.mariagarciaorea.com\/en\/#\/schema\/person\/cd9d1dd7f1097bc5bff01de415292661\",\"name\":\"Mar\\u00eda Garc\\u00eda-Orea\",\"image\":{\"@type\":\"ImageObject\",\"@id\":\"https:\/\/www.mariagarciaorea.com\/en\/#personlogo\",\"inLanguage\":\"en-US\",\"url\":\"https:\/\/secure.gravatar.com\/avatar\/1d4337f8d11e11fcb02d8c6c5fd09bf7?s=96&d=mm&r=g\",\"caption\":\"Mar\\u00eda Garc\\u00eda-Orea\"},\"logo\":{\"@id\":\"https:\/\/www.mariagarciaorea.com\/en\/#personlogo\"}},{\"@type\":\"WebSite\",\"@id\":\"https:\/\/www.mariagarciaorea.com\/en\/#website\",\"url\":\"https:\/\/www.mariagarciaorea.com\/en\/\",\"name\":\"Mar\\u00eda Garc\\u00eda-Orea\",\"description\":\"Pintura\",\"publisher\":{\"@id\":\"https:\/\/www.mariagarciaorea.com\/en\/#\/schema\/person\/cd9d1dd7f1097bc5bff01de415292661\"},\"potentialAction\":[{\"@type\":\"SearchAction\",\"target\":\"https:\/\/www.mariagarciaorea.com\/en\/?s={search_term_string}\",\"query-input\":\"required name=search_term_string\"}],\"inLanguage\":\"en-US\"},{\"@type\":\"WebPage\",\"@id\":\"https:\/\/www.mariagarciaorea.com\/en\/landscapes\/#webpage\",\"url\":\"https:\/\/www.mariagarciaorea.com\/en\/landscapes\/\",\"name\":\"Landscapes of Maria Garc\\u00eda-Orea | Mar\\u00eda Garc\\u00eda-Orea\",\"isPartOf\":{\"@id\":\"https:\/\/www.mariagarciaorea.com\/en\/#website\"},\"datePublished\":\"2014-12-15T16:21:10+00:00\",\"dateModified\":\"2019-05-31T14:32:51+00:00\",\"inLanguage\":\"en-US\",\"potentialAction\":[{\"@type\":\"ReadAction\",\"target\":[\"https:\/\/www.mariagarciaorea.com\/en\/landscapes\/\"]}]}]}<\/script>\n<!-- \/ Yoast SEO plugin. -->","_links":{"self":[{"href":"https:\/\/www.mariagarciaorea.com\/en\/wp-json\/wp\/v2\/pages\/2493"}],"collection":[{"href":"https:\/\/www.mariagarciaorea.com\/en\/wp-json\/wp\/v2\/pages"}],"about":[{"href":"https:\/\/www.mariagarciaorea.com\/en\/wp-json\/wp\/v2\/types\/page"}],"author":[{"embeddable":true,"href":"https:\/\/www.mariagarciaorea.com\/en\/wp-json\/wp\/v2\/users\/2"}],"replies":[{"embeddable":true,"href":"https:\/\/www.mariagarciaorea.com\/en\/wp-json\/wp\/v2\/comments?post=2493"}],"version-history":[{"count":40,"href":"https:\/\/www.mariagarciaorea.com\/en\/wp-json\/wp\/v2\/pages\/2493\/revisions"}],"predecessor-version":[{"id":5826,"href":"https:\/\/www.mariagarciaorea.com\/en\/wp-json\/wp\/v2\/pages\/2493\/revisions\/5826"}],"wp:attachment":[{"href":"https:\/\/www.mariagarciaorea.com\/en\/wp-json\/wp\/v2\/media?parent=2493"}],"curies":[{"name":"wp","href":"https:\/\/api.w.org\/{rel}","templated":true}]}}