{"id":4173,"date":"2015-02-23T20:35:02","date_gmt":"2015-02-23T19:35:02","guid":{"rendered":"https:\/\/www.mariagarciaorea.com\/el-color-de-tus-palabras\/"},"modified":"2019-03-11T11:21:39","modified_gmt":"2019-03-11T10:21:39","slug":"the-color-of-your-words","status":"publish","type":"page","link":"https:\/\/www.mariagarciaorea.com\/en\/the-color-of-your-words\/","title":{"rendered":"The color of your words"},"content":{"rendered":"[vc_row][vc_column][vc_column_text css_animation=&#8221;top-to-bottom&#8221; c_id=&#8221;.vc_1424721656107&#8243;]\n<h2>The color of your words<\/h2>\n<p>By Javier Morales Vallejo.<br \/>\nPHd in Art of History.<br \/>\nSubdirector of Prado Museum.[\/vc_column_text][\/vc_column][\/vc_row][vc_row][vc_column width=&#8221;1\/2&#8243;][vc_column_text css_animation=&#8221;top-to-bottom&#8221; c_id=&#8221;.vc_1424722152124&#8243;]Maria is a painter who expresses herself through colors and enables them to talk. It is a descriptive stream, a colorful talkativeness that expresses the whole and floods everything for it can see and feel it all.<br \/>\nShe is a very passionate and sentimental painter with priviledged eyes to catch reality and her own point of view, and her unique skilled hands are simply enviable.<br \/>\nBut to feel is not the same as to communicate. The true artist is not the one to be astonished but the one in charge of conveying emotions to evoke personal worlds in the spectators mastering the difficult painting techniques. This is what Maria does herself. As in every great painter, her mistery and secret is sheltered in her brain and heart. Therefore, even though people would always love her paintings and be surprised by them, her work would also resist the critical analysis by far.<br \/>\nI know nothing about Maria\u2019s training. Nor if she even had a teacher herself, or if she had left him or he made her suffer instead. I do not know if she even meditated on the Monet water lilies, if she have ever thought of the Impressionist or Fauvist paintings, or dwelt on klimt\u2019s last landscapes\u2026her paintings shake all the memories up and the youthful and free overwhelming flood moves forward as light, color and a personal life are dammed up in the retines and hearts. Mar\u00eda revives real creativity essence in her own right. Not a common one!<br \/>\nLet there be no mistake, she is a warrior. Many relentless working hours to give shape to that mental light till the unimagined emotional gleam is uprooted from the palet.<\/p>\n<p>The expert eye notices what seems to be an easy task at first sight to be in fact, a persistent struggle to draw the light leap in the air that defeats gravity. Not all painters make it!<br \/>\nTherefore, Maria Garc\u00eda Orea\u2019s paintings is easy to be looked at but hard to be analysed from a brilliant outcome. We are dealing with a painting, complex and puzzling character. Apparently, easyness in her manners is revealed in surprise. But an elaborated perspective lies underneath as well as color layers, drawings, the mood and light performance. A different matter would be the bright brain acting as fast and safe like the fluttering pianist\u2019s fingers flap their wings. A few get off the ground!<\/p>\n<p>Her fundamental aspects are harmoniously combined. Design, volume and color. Three joining elements as part of a whole achieved task. Landscapes are confined and complete round poems. <strong>A great painter!<\/strong>[\/vc_column_text][\/vc_column][vc_column width=&#8221;1\/2&#8243;][vc_column_text css_animation=&#8221;top-to-bottom&#8221; c_id=&#8221;.vc_1424722117922&#8243;]Above all, she is a natural landscape painter. Even her portraits are psichologycal landscapes. The overwhelmed spectators witness in surprise the open nature scenes and the intimist thickness of the gardens. Portrait of my mother, included in this art expo, for instance, stands out due to her deep and thick psichological setting that can be reached and touched while the observer cannot avoid the portrait\u2019s eyes. This superiority is not for granted among painters.<\/p>\n<img decoding=\"async\" loading=\"lazy\" class=\"wp-image-2716\" title=\"Mar\u00eda Garc\u00eda-Orea. \u00d3leo sobre lienzo. Paisaje 2012\" src=\"http:\/\/www.mariagarciaorea.com\/wp-content\/uploads\/2015\/02\/maria-garcia-orea-jardin-480x332.jpg\" alt=\"maria-garcia-orea-jardin\" width=\"580\" height=\"401\" srcset=\"https:\/\/www.mariagarciaorea.com\/wp-content\/uploads\/2015\/02\/maria-garcia-orea-jardin-480x332.jpg 480w, https:\/\/www.mariagarciaorea.com\/wp-content\/uploads\/2015\/02\/maria-garcia-orea-jardin-1200x830.jpg 1200w, https:\/\/www.mariagarciaorea.com\/wp-content\/uploads\/2015\/02\/maria-garcia-orea-jardin-390x270.jpg 390w, https:\/\/www.mariagarciaorea.com\/wp-content\/uploads\/2015\/02\/maria-garcia-orea-jardin-780x539.jpg 780w, https:\/\/www.mariagarciaorea.com\/wp-content\/uploads\/2015\/02\/maria-garcia-orea-jardin-635x439.jpg 635w, https:\/\/www.mariagarciaorea.com\/wp-content\/uploads\/2015\/02\/maria-garcia-orea-jardin-976x675.jpg 976w, https:\/\/www.mariagarciaorea.com\/wp-content\/uploads\/2015\/02\/maria-garcia-orea-jardin-880x609.jpg 880w, https:\/\/www.mariagarciaorea.com\/wp-content\/uploads\/2015\/02\/maria-garcia-orea-jardin.jpg 1300w\" sizes=\"(max-width: 580px) 100vw, 580px\" \/><\/p>\n<p>This portrait\u2019s color with its warm and daring earth tones, and its determined sparkles in contrast to the the fierce and vigorous cold blue ones wisely defined by the paint dragging effect in velaturas. It turns disonnance into harmony and entails a technical challenge.<br \/>\nThis are my brief impressions about this painter who only needs to carry on and not to lose herself on the way.<br \/>\nIn this vast contemporary creative world, full of media manouvres and false prophets, it is very rewarding to deal with a unique painter standing for her own painting technique as Maria does. A painter who reacts from real emotions and transmits life with an infinite brilliance.<br \/>\nTo see, to feel, to communicate. Mind and emotions. Technique and identity. An easy and difficult task.[\/vc_column_text][\/vc_column][\/vc_row]\n","protected":false},"excerpt":{"rendered":"<p>[vc_row][vc_column][vc_column_text css_animation=&#8221;top-to-bottom&#8221; c_id=&#8221;.vc_1424721656107&#8243;] The color of your words By Javier Morales Vallejo. PHd in Art of History. Subdirector of Prado Museum.[\/vc_column_text][\/vc_column][\/vc_row][vc_row][vc_column width=&#8221;1\/2&#8243;][vc_column_text css_animation=&#8221;top-to-bottom&#8221; c_id=&#8221;.vc_1424722152124&#8243;]Maria is a painter who expresses herself&#8230;<\/p>\n","protected":false},"author":2,"featured_media":0,"parent":0,"menu_order":0,"comment_status":"open","ping_status":"open","template":"","meta":[],"yoast_head":"<!-- This site is optimized with the Yoast SEO plugin v15.7 - https:\/\/yoast.com\/wordpress\/plugins\/seo\/ -->\n<title>The color of your words | Mar\u00eda Garc\u00eda-Orea<\/title>\n<meta name=\"robots\" content=\"index, follow, max-snippet:-1, max-image-preview:large, max-video-preview:-1\" \/>\n<link rel=\"canonical\" href=\"https:\/\/www.mariagarciaorea.com\/en\/the-color-of-your-words\/\" \/>\n<meta property=\"og:locale\" content=\"en_US\" \/>\n<meta property=\"og:type\" content=\"article\" \/>\n<meta property=\"og:title\" content=\"The color of your words | Mar\u00eda Garc\u00eda-Orea\" \/>\n<meta property=\"og:description\" content=\"[vc_row][vc_column][vc_column_text css_animation=&#8221;top-to-bottom&#8221; c_id=&#8221;.vc_1424721656107&#8243;] The color of your words By Javier Morales Vallejo. PHd in Art of History. Subdirector of Prado Museum.[\/vc_column_text][\/vc_column][\/vc_row][vc_row][vc_column width=&#8221;1\/2&#8243;][vc_column_text css_animation=&#8221;top-to-bottom&#8221; c_id=&#8221;.vc_1424722152124&#8243;]Maria is a painter who expresses herself...\" \/>\n<meta property=\"og:url\" content=\"https:\/\/www.mariagarciaorea.com\/en\/the-color-of-your-words\/\" \/>\n<meta property=\"og:site_name\" content=\"Mar\u00eda Garc\u00eda-Orea\" \/>\n<meta property=\"article:modified_time\" content=\"2019-03-11T10:21:39+00:00\" \/>\n<meta property=\"og:image\" content=\"http:\/\/www.mariagarciaorea.com\/wp-content\/uploads\/2015\/02\/maria-garcia-orea-jardin-480x332.jpg\" \/>\n<meta name=\"twitter:card\" content=\"summary_large_image\" \/>\n<meta name=\"twitter:label1\" content=\"Est. reading time\">\n\t<meta name=\"twitter:data1\" content=\"4 minutes\">\n<script type=\"application\/ld+json\" class=\"yoast-schema-graph\">{\"@context\":\"https:\/\/schema.org\",\"@graph\":[{\"@type\":[\"Person\",\"Organization\"],\"@id\":\"https:\/\/www.mariagarciaorea.com\/en\/#\/schema\/person\/cd9d1dd7f1097bc5bff01de415292661\",\"name\":\"Mar\\u00eda Garc\\u00eda-Orea\",\"image\":{\"@type\":\"ImageObject\",\"@id\":\"https:\/\/www.mariagarciaorea.com\/en\/#personlogo\",\"inLanguage\":\"en-US\",\"url\":\"https:\/\/secure.gravatar.com\/avatar\/1d4337f8d11e11fcb02d8c6c5fd09bf7?s=96&d=mm&r=g\",\"caption\":\"Mar\\u00eda Garc\\u00eda-Orea\"},\"logo\":{\"@id\":\"https:\/\/www.mariagarciaorea.com\/en\/#personlogo\"}},{\"@type\":\"WebSite\",\"@id\":\"https:\/\/www.mariagarciaorea.com\/en\/#website\",\"url\":\"https:\/\/www.mariagarciaorea.com\/en\/\",\"name\":\"Mar\\u00eda Garc\\u00eda-Orea\",\"description\":\"Pintura\",\"publisher\":{\"@id\":\"https:\/\/www.mariagarciaorea.com\/en\/#\/schema\/person\/cd9d1dd7f1097bc5bff01de415292661\"},\"potentialAction\":[{\"@type\":\"SearchAction\",\"target\":\"https:\/\/www.mariagarciaorea.com\/en\/?s={search_term_string}\",\"query-input\":\"required name=search_term_string\"}],\"inLanguage\":\"en-US\"},{\"@type\":\"ImageObject\",\"@id\":\"https:\/\/www.mariagarciaorea.com\/en\/the-color-of-your-words\/#primaryimage\",\"inLanguage\":\"en-US\",\"url\":\"http:\/\/www.mariagarciaorea.com\/wp-content\/uploads\/2015\/02\/maria-garcia-orea-jardin-480x332.jpg\"},{\"@type\":\"WebPage\",\"@id\":\"https:\/\/www.mariagarciaorea.com\/en\/the-color-of-your-words\/#webpage\",\"url\":\"https:\/\/www.mariagarciaorea.com\/en\/the-color-of-your-words\/\",\"name\":\"The color of your words | Mar\\u00eda Garc\\u00eda-Orea\",\"isPartOf\":{\"@id\":\"https:\/\/www.mariagarciaorea.com\/en\/#website\"},\"primaryImageOfPage\":{\"@id\":\"https:\/\/www.mariagarciaorea.com\/en\/the-color-of-your-words\/#primaryimage\"},\"datePublished\":\"2015-02-23T19:35:02+00:00\",\"dateModified\":\"2019-03-11T10:21:39+00:00\",\"inLanguage\":\"en-US\",\"potentialAction\":[{\"@type\":\"ReadAction\",\"target\":[\"https:\/\/www.mariagarciaorea.com\/en\/the-color-of-your-words\/\"]}]}]}<\/script>\n<!-- \/ Yoast SEO plugin. -->","_links":{"self":[{"href":"https:\/\/www.mariagarciaorea.com\/en\/wp-json\/wp\/v2\/pages\/4173"}],"collection":[{"href":"https:\/\/www.mariagarciaorea.com\/en\/wp-json\/wp\/v2\/pages"}],"about":[{"href":"https:\/\/www.mariagarciaorea.com\/en\/wp-json\/wp\/v2\/types\/page"}],"author":[{"embeddable":true,"href":"https:\/\/www.mariagarciaorea.com\/en\/wp-json\/wp\/v2\/users\/2"}],"replies":[{"embeddable":true,"href":"https:\/\/www.mariagarciaorea.com\/en\/wp-json\/wp\/v2\/comments?post=4173"}],"version-history":[{"count":6,"href":"https:\/\/www.mariagarciaorea.com\/en\/wp-json\/wp\/v2\/pages\/4173\/revisions"}],"predecessor-version":[{"id":4180,"href":"https:\/\/www.mariagarciaorea.com\/en\/wp-json\/wp\/v2\/pages\/4173\/revisions\/4180"}],"wp:attachment":[{"href":"https:\/\/www.mariagarciaorea.com\/en\/wp-json\/wp\/v2\/media?parent=4173"}],"curies":[{"name":"wp","href":"https:\/\/api.w.org\/{rel}","templated":true}]}}