{"id":4187,"date":"2015-02-12T16:48:39","date_gmt":"2015-02-12T15:48:39","guid":{"rendered":"https:\/\/www.mariagarciaorea.com\/paisajes-sorprendidos\/"},"modified":"2019-06-18T16:33:50","modified_gmt":"2019-06-18T15:33:50","slug":"paisajes-sorprendidos","status":"publish","type":"page","link":"https:\/\/www.mariagarciaorea.com\/en\/paisajes-sorprendidos\/","title":{"rendered":"Surprised Landscapes"},"content":{"rendered":"[vc_row type=&#8221;in_container&#8221; full_screen_row_position=&#8221;middle&#8221; scene_position=&#8221;center&#8221; text_color=&#8221;dark&#8221; text_align=&#8221;left&#8221; overlay_strength=&#8221;0.3&#8243; shape_divider_position=&#8221;bottom&#8221; bg_image_animation=&#8221;none&#8221;][vc_column column_padding=&#8221;no-extra-padding&#8221; column_padding_position=&#8221;all&#8221; background_color_opacity=&#8221;1&#8243; background_hover_color_opacity=&#8221;1&#8243; column_link_target=&#8221;_self&#8221; column_shadow=&#8221;none&#8221; column_border_radius=&#8221;none&#8221; width=&#8221;1\/1&#8243; tablet_width_inherit=&#8221;default&#8221; tablet_text_alignment=&#8221;default&#8221; phone_text_alignment=&#8221;default&#8221; column_border_width=&#8221;none&#8221; column_border_style=&#8221;solid&#8221; bg_image_animation=&#8221;none&#8221;][vc_column_text c_id=&#8221;.vc_1423756453935&#8243;]\n<h2>Surprised Landscapes<\/h2>\n<p>The feline stare of Maria Garc\u00eda-Orea<\/p>\n<p>By Javier Gonz\u00e1lez de Vega y San Rom\u00e1n.<br \/>\nArt critic and writer.<br \/>\nSpanish Association and International Art Association Critics.<br \/>\nAsociaci\u00f3n espa\u00f1ola y Asociaci\u00f3n internacional de Cr\u00edticos de Arte[\/vc_column_text][divider line_type=&#8221;No Line&#8221; custom_height=&#8221;40&#8243;][\/vc_column][\/vc_row][vc_row type=&#8221;in_container&#8221; full_screen_row_position=&#8221;middle&#8221; scene_position=&#8221;center&#8221; text_color=&#8221;dark&#8221; text_align=&#8221;left&#8221; overlay_strength=&#8221;0.3&#8243; shape_divider_position=&#8221;bottom&#8221; bg_image_animation=&#8221;none&#8221;][vc_column column_padding=&#8221;no-extra-padding&#8221; column_padding_position=&#8221;all&#8221; background_color_opacity=&#8221;1&#8243; background_hover_color_opacity=&#8221;1&#8243; column_link_target=&#8221;_self&#8221; column_shadow=&#8221;none&#8221; column_border_radius=&#8221;none&#8221; width=&#8221;1\/2&#8243; tablet_width_inherit=&#8221;default&#8221; tablet_text_alignment=&#8221;default&#8221; phone_text_alignment=&#8221;default&#8221; column_border_width=&#8221;none&#8221; column_border_style=&#8221;solid&#8221; bg_image_animation=&#8221;none&#8221;][image_with_animation image_url=&#8221;5160&#8243; alignment=&#8221;&#8221; animation=&#8221;Fade In&#8221; border_radius=&#8221;none&#8221; box_shadow=&#8221;none&#8221; max_width=&#8221;100%&#8221;][divider line_type=&#8221;No Line&#8221; custom_height=&#8221;40&#8243;][vc_column_text c_id=&#8221;.vc_1423758752008&#8243;]I have always been overwhelmed by painted or described landscapes rather than by the seen ones. I guess our imaginary capacity goes far beyond our pure human phisiology and our sense of sight is outstripped by a well spurred mind.<\/p>\n<p>Even the same place, painted by one or another, will result in different emotions, different illusions. Mir, Rusi\u00f1ol, Sorolla, Martinez Cubells, Vila and Prades, just to mention some of the Spanish greater landscape painters might look from the same spot, lit by the same light, and still, their paintings would be completely different pieces of art\u2026Thus, there are art collectors who show fidelity to the artists.<\/p>\n<p>Nowadays, the hussle and buzzle, and the fast paced life rythm as mystics from the XVI century predicted, have stereotyped the way we see and look and the paintings might be featured in terms of standard beautiful postcards.[\/vc_column_text][\/vc_column][vc_column column_padding=&#8221;no-extra-padding&#8221; column_padding_position=&#8221;all&#8221; background_color_opacity=&#8221;1&#8243; background_hover_color_opacity=&#8221;1&#8243; column_link_target=&#8221;_self&#8221; column_shadow=&#8221;none&#8221; column_border_radius=&#8221;none&#8221; width=&#8221;1\/2&#8243; tablet_width_inherit=&#8221;default&#8221; tablet_text_alignment=&#8221;default&#8221; phone_text_alignment=&#8221;default&#8221; column_border_width=&#8221;none&#8221; column_border_style=&#8221;solid&#8221; bg_image_animation=&#8221;none&#8221;][vc_column_text c_id=&#8221;.vc_1423758912366&#8243;]A bluen and moist Venice, surrounded by the light that whitens the whitest or a magnificent red, ochre, and yellow shades blurring at dawn. Mallorca, mountain over the sea, the Mediterranean breeze with its bluish glow on the dark Green cypresses, the acrid geranium smell\u2026 More Chopin than Anglada-Camarassa.<\/p>\n<p>This subtle trees perfectly matched into the Cantabrian sky and quietly bathed by the Deva river water. All this bright greys have echoes of the Gerardo de Alvear paintings.[\/vc_column_text][vc_column_text c_id=&#8221;.vc_1423758380818&#8243;]Maria\u2019s painting being different is what really jumps out with a simple look! Venice, Mallorca, they had their shades, emanated a subtle scent, fooled with light\u2026in an unknown way.<\/p>\n<blockquote><p>Her painting skill of broad and relaxed brushes, the flow of the color and freedom hastened by strokes caught off guard the inimitable moment that Maria\u2019s feline eyes held as a panther moving forward \u00a0from the shadows in velvet steps to reach the flash of light. An iridescent image designed for her own eyes.<\/p><\/blockquote>\n<p>The artist faces nature like Eve in the Eden; no need of theoretical nor textual education. The hyperesthesia of her senses of sight, smell and touch is more than enough to build up her world of beauty.<br \/>\n[\/vc_column_text][vc_column_text c_id=&#8221;.vc_1423758926908&#8243;]Saudade, the dramatic beauty of the forest and the Busaco ponds,\u00a0 where a few floating leaves separate reality from the imaginary world that Saint Exupery enhanced.[\/vc_column_text][\/vc_column][\/vc_row]\n","protected":false},"excerpt":{"rendered":"<p>[vc_row type=&#8221;in_container&#8221; full_screen_row_position=&#8221;middle&#8221; scene_position=&#8221;center&#8221; text_color=&#8221;dark&#8221; text_align=&#8221;left&#8221; overlay_strength=&#8221;0.3&#8243; shape_divider_position=&#8221;bottom&#8221; bg_image_animation=&#8221;none&#8221;][vc_column column_padding=&#8221;no-extra-padding&#8221; column_padding_position=&#8221;all&#8221; background_color_opacity=&#8221;1&#8243; background_hover_color_opacity=&#8221;1&#8243; column_link_target=&#8221;_self&#8221; column_shadow=&#8221;none&#8221; column_border_radius=&#8221;none&#8221; width=&#8221;1\/1&#8243; tablet_width_inherit=&#8221;default&#8221; tablet_text_alignment=&#8221;default&#8221; phone_text_alignment=&#8221;default&#8221; column_border_width=&#8221;none&#8221; column_border_style=&#8221;solid&#8221; bg_image_animation=&#8221;none&#8221;][vc_column_text c_id=&#8221;.vc_1423756453935&#8243;] Surprised Landscapes The feline stare of&#8230;<\/p>\n","protected":false},"author":2,"featured_media":0,"parent":0,"menu_order":0,"comment_status":"open","ping_status":"open","template":"","meta":[],"yoast_head":"<!-- This site is optimized with the Yoast SEO plugin v15.7 - https:\/\/yoast.com\/wordpress\/plugins\/seo\/ -->\n<title>Surprised Landscapes | Mar\u00eda Garc\u00eda-Orea<\/title>\n<meta name=\"robots\" content=\"index, follow, max-snippet:-1, max-image-preview:large, max-video-preview:-1\" \/>\n<link rel=\"canonical\" href=\"https:\/\/www.mariagarciaorea.com\/en\/paisajes-sorprendidos\/\" \/>\n<meta property=\"og:locale\" content=\"en_US\" \/>\n<meta property=\"og:type\" content=\"article\" \/>\n<meta property=\"og:title\" content=\"Surprised Landscapes | Mar\u00eda Garc\u00eda-Orea\" \/>\n<meta property=\"og:description\" content=\"[vc_row type=&#8221;in_container&#8221; full_screen_row_position=&#8221;middle&#8221; scene_position=&#8221;center&#8221; text_color=&#8221;dark&#8221; text_align=&#8221;left&#8221; overlay_strength=&#8221;0.3&#8243; shape_divider_position=&#8221;bottom&#8221; bg_image_animation=&#8221;none&#8221;][vc_column column_padding=&#8221;no-extra-padding&#8221; column_padding_position=&#8221;all&#8221; background_color_opacity=&#8221;1&#8243; background_hover_color_opacity=&#8221;1&#8243; column_link_target=&#8221;_self&#8221; column_shadow=&#8221;none&#8221; column_border_radius=&#8221;none&#8221; width=&#8221;1\/1&#8243; tablet_width_inherit=&#8221;default&#8221; tablet_text_alignment=&#8221;default&#8221; phone_text_alignment=&#8221;default&#8221; column_border_width=&#8221;none&#8221; column_border_style=&#8221;solid&#8221; bg_image_animation=&#8221;none&#8221;][vc_column_text c_id=&#8221;.vc_1423756453935&#8243;] Surprised Landscapes The feline stare of...\" \/>\n<meta property=\"og:url\" content=\"https:\/\/www.mariagarciaorea.com\/en\/paisajes-sorprendidos\/\" \/>\n<meta property=\"og:site_name\" content=\"Mar\u00eda Garc\u00eda-Orea\" \/>\n<meta property=\"article:modified_time\" content=\"2019-06-18T15:33:50+00:00\" \/>\n<meta name=\"twitter:card\" content=\"summary_large_image\" \/>\n<meta name=\"twitter:label1\" content=\"Est. reading time\">\n\t<meta name=\"twitter:data1\" content=\"4 minutes\">\n<script type=\"application\/ld+json\" class=\"yoast-schema-graph\">{\"@context\":\"https:\/\/schema.org\",\"@graph\":[{\"@type\":[\"Person\",\"Organization\"],\"@id\":\"https:\/\/www.mariagarciaorea.com\/en\/#\/schema\/person\/cd9d1dd7f1097bc5bff01de415292661\",\"name\":\"Mar\\u00eda Garc\\u00eda-Orea\",\"image\":{\"@type\":\"ImageObject\",\"@id\":\"https:\/\/www.mariagarciaorea.com\/en\/#personlogo\",\"inLanguage\":\"en-US\",\"url\":\"https:\/\/secure.gravatar.com\/avatar\/1d4337f8d11e11fcb02d8c6c5fd09bf7?s=96&d=mm&r=g\",\"caption\":\"Mar\\u00eda Garc\\u00eda-Orea\"},\"logo\":{\"@id\":\"https:\/\/www.mariagarciaorea.com\/en\/#personlogo\"}},{\"@type\":\"WebSite\",\"@id\":\"https:\/\/www.mariagarciaorea.com\/en\/#website\",\"url\":\"https:\/\/www.mariagarciaorea.com\/en\/\",\"name\":\"Mar\\u00eda Garc\\u00eda-Orea\",\"description\":\"Pintura\",\"publisher\":{\"@id\":\"https:\/\/www.mariagarciaorea.com\/en\/#\/schema\/person\/cd9d1dd7f1097bc5bff01de415292661\"},\"potentialAction\":[{\"@type\":\"SearchAction\",\"target\":\"https:\/\/www.mariagarciaorea.com\/en\/?s={search_term_string}\",\"query-input\":\"required name=search_term_string\"}],\"inLanguage\":\"en-US\"},{\"@type\":\"WebPage\",\"@id\":\"https:\/\/www.mariagarciaorea.com\/en\/paisajes-sorprendidos\/#webpage\",\"url\":\"https:\/\/www.mariagarciaorea.com\/en\/paisajes-sorprendidos\/\",\"name\":\"Surprised Landscapes | Mar\\u00eda Garc\\u00eda-Orea\",\"isPartOf\":{\"@id\":\"https:\/\/www.mariagarciaorea.com\/en\/#website\"},\"datePublished\":\"2015-02-12T15:48:39+00:00\",\"dateModified\":\"2019-06-18T15:33:50+00:00\",\"inLanguage\":\"en-US\",\"potentialAction\":[{\"@type\":\"ReadAction\",\"target\":[\"https:\/\/www.mariagarciaorea.com\/en\/paisajes-sorprendidos\/\"]}]}]}<\/script>\n<!-- \/ Yoast SEO plugin. -->","_links":{"self":[{"href":"https:\/\/www.mariagarciaorea.com\/en\/wp-json\/wp\/v2\/pages\/4187"}],"collection":[{"href":"https:\/\/www.mariagarciaorea.com\/en\/wp-json\/wp\/v2\/pages"}],"about":[{"href":"https:\/\/www.mariagarciaorea.com\/en\/wp-json\/wp\/v2\/types\/page"}],"author":[{"embeddable":true,"href":"https:\/\/www.mariagarciaorea.com\/en\/wp-json\/wp\/v2\/users\/2"}],"replies":[{"embeddable":true,"href":"https:\/\/www.mariagarciaorea.com\/en\/wp-json\/wp\/v2\/comments?post=4187"}],"version-history":[{"count":9,"href":"https:\/\/www.mariagarciaorea.com\/en\/wp-json\/wp\/v2\/pages\/4187\/revisions"}],"predecessor-version":[{"id":5859,"href":"https:\/\/www.mariagarciaorea.com\/en\/wp-json\/wp\/v2\/pages\/4187\/revisions\/5859"}],"wp:attachment":[{"href":"https:\/\/www.mariagarciaorea.com\/en\/wp-json\/wp\/v2\/media?parent=4187"}],"curies":[{"name":"wp","href":"https:\/\/api.w.org\/{rel}","templated":true}]}}